{"id":124,"date":"2023-07-16T15:14:54","date_gmt":"2023-07-16T15:14:54","guid":{"rendered":"https:\/\/lagotto-pascoli.ch\/?page_id=124"},"modified":"2025-12-09T16:50:33","modified_gmt":"2025-12-09T16:50:33","slug":"nya","status":"publish","type":"page","link":"https:\/\/lagotto-pascoli.ch\/index.php\/nya\/","title":{"rendered":"Osaria del sogno del bosco (Nya)"},"content":{"rendered":"<p>[et_pb_section fb_built=&#8220;1&#8243; admin_label=&#8220;Header&#8220; _builder_version=&#8220;4.16&#8243; _module_preset=&#8220;default&#8220; background_color=&#8220;#f3f7f0&#8243; background_enable_image=&#8220;off&#8220; background_position=&#8220;top_center&#8220; custom_padding=&#8220;||0px||false|false&#8220; locked=&#8220;off&#8220; global_colors_info=&#8220;{}&#8220;][et_pb_row _builder_version=&#8220;4.16&#8243; _module_preset=&#8220;default&#8220; global_colors_info=&#8220;{}&#8220;][et_pb_column type=&#8220;4_4&#8243; _builder_version=&#8220;4.16&#8243; _module_preset=&#8220;default&#8220; global_colors_info=&#8220;{}&#8220;][et_pb_text _builder_version=&#8220;4.21.0&#8243; _module_preset=&#8220;b0bf5418-994a-43d1-aef8-7d7c6764119d&#8220; header_font=&#8220;Kalam|900|||||||&#8220; header_text_color=&#8220;#000000&#8243; header_font_size=&#8220;50px&#8220; header_font_size_tablet=&#8220;50px&#8220; header_font_size_phone=&#8220;32px&#8220; header_font_size_last_edited=&#8220;on|phone&#8220; locked=&#8220;off&#8220; global_colors_info=&#8220;{}&#8220;]<\/p>\n<h1>Osaria del sogno del bosco &#8211; &#8222;Nya&#8220;<\/h1>\n<p>[\/et_pb_text][\/et_pb_column][\/et_pb_row][\/et_pb_section][et_pb_section fb_built=&#8220;1&#8243; admin_label=&#8220;About&#8220; _builder_version=&#8220;4.16&#8243; _module_preset=&#8220;default&#8220; background_color=&#8220;#f3f7f0&#8243; background_enable_image=&#8220;off&#8220; background_position=&#8220;top_center&#8220; custom_padding=&#8220;8px|||||&#8220; locked=&#8220;off&#8220; global_colors_info=&#8220;{}&#8220;][et_pb_row column_structure=&#8220;1_2,1_2&#8243; _builder_version=&#8220;4.16&#8243; _module_preset=&#8220;default&#8220; global_colors_info=&#8220;{}&#8220;][et_pb_column type=&#8220;1_2&#8243; _builder_version=&#8220;4.16&#8243; _module_preset=&#8220;default&#8220; global_colors_info=&#8220;{}&#8220;][et_pb_text disabled_on=&#8220;off|off|off&#8220; _builder_version=&#8220;4.24.3&#8243; _module_preset=&#8220;2e1ca0a8-a515-4ca3-8814-65eea4b82393&#8243; text_font=&#8220;||||||||&#8220; text_text_color=&#8220;#666666&#8243; text_font_size=&#8220;16px&#8220; text_line_height=&#8220;1.8em&#8220; link_font=&#8220;|700|||||||&#8220; link_text_color=&#8220;#71B100&#8243; hover_enabled=&#8220;0&#8243; text_font_size_tablet=&#8220;15px&#8220; text_font_size_phone=&#8220;14px&#8220; text_font_size_last_edited=&#8220;on|desktop&#8220; locked=&#8220;off&#8220; global_colors_info=&#8220;{}&#8220; sticky_enabled=&#8220;0&#8243;]<\/p>\n<div class=\"xdj266r x11i5rnm xat24cr x1mh8g0r x1vvkbs x126k92a\">\n<div dir=\"auto\">\n<div dir=\"auto\">\n<p>&nbsp;<\/p>\n<table border=\"1\" style=\"border-collapse: collapse; width: 100%; height: 192px;\">\n<tbody>\n<tr style=\"height: 24px;\">\n<td style=\"width: 50%; height: 24px;\">Wurfdatum:<\/td>\n<td style=\"width: 50%; height: 24px;\">17.05.2018<\/td>\n<\/tr>\n<tr style=\"height: 24px;\">\n<td style=\"width: 50%; height: 24px;\">Farbe:<\/td>\n<td style=\"width: 50%; height: 24px;\">bianco marrone<\/td>\n<\/tr>\n<tr style=\"height: 96px;\">\n<td style=\"width: 50%; height: 96px;\">Eltern:<\/td>\n<td style=\"width: 50%; height: 96px;\">Happy Momo del sogno del bosco &amp; Gleska Miss Understanding<\/td>\n<\/tr>\n<tr style=\"height: 24px;\">\n<td style=\"width: 50%; height: 24px;\">Zuchtst\u00e4tte:<\/td>\n<td style=\"width: 50%; height: 24px;\">del sogno del bosco<\/td>\n<\/tr>\n<tr style=\"height: 24px;\">\n<td style=\"width: 50%; height: 24px;\">Z\u00fcchterin:<\/td>\n<td style=\"width: 50%; height: 24px;\">Mirjam Mettauer, Aarau<\/td>\n<\/tr>\n<\/tbody>\n<\/table>\n<\/div>\n<\/div>\n<\/div>\n<div class=\"x11i5rnm xat24cr x1mh8g0r x1vvkbs xtlvy1s x126k92a\"><\/div>\n<div class=\"x11i5rnm xat24cr x1mh8g0r x1vvkbs xtlvy1s x126k92a\"><\/div>\n<div class=\"x11i5rnm xat24cr x1mh8g0r x1vvkbs xtlvy1s x126k92a\"><strong><\/strong><\/div>\n<div class=\"x11i5rnm xat24cr x1mh8g0r x1vvkbs xtlvy1s x126k92a\"><strong>Championtitel<\/strong><\/div>\n<div class=\"x11i5rnm xat24cr x1mh8g0r x1vvkbs xtlvy1s x126k92a\">\n<p><a href=\"https:\/\/lagotto-pascoli.ch\/wp-content\/uploads\/2025\/12\/20251203094349-VDH-Titles-Deutscher-Champion-VDH-2190560-.pdf\" target=\"_blank\" rel=\"noopener\" title=\"Deutscher Champion Nya\">Deutscher Champion (03.12.2025)<\/a><\/p>\n<p><a href=\"https:\/\/lagotto-pascoli.ch\/wp-content\/uploads\/2025\/02\/Schweizer_Schoenheits_Champion.pdf\" target=\"_blank\" rel=\"noopener\"><span>Schweizer Sch\u00f6nheits-Champion (15.11.2024)<\/span><\/a><\/p>\n<p><a href=\"https:\/\/lagotto-pascoli.ch\/wp-content\/uploads\/2024\/10\/Nya-Luxemburg-Champion.jpg\" target=\"_blank\" rel=\"noopener\"><span>Luxemburgischer Champion (01.09.2024)<\/span><\/a><\/p>\n<p><a href=\"https:\/\/lagotto-pascoli.ch\/wp-content\/uploads\/2023\/09\/SKG_WCC_Osaria.pdf\" target=\"_blank\" rel=\"noopener\" style=\"font-size: 16px;\"><\/a><a href=\"https:\/\/lagotto-pascoli.ch\/wp-content\/uploads\/2024\/01\/Kroatischer_Champion_Osaria.pdf\" target=\"_blank\" rel=\"noopener\" title=\"Sch\u00f6nheits Champion Nya\"><span>Kroatischer Sch\u00f6nheits-Champion (26.11.2023)<\/span><\/a><a href=\"https:\/\/lagotto-pascoli.ch\/wp-content\/uploads\/2023\/09\/SKG_WCC_Osaria.pdf\" target=\"_blank\" rel=\"noopener\" style=\"font-size: 16px;\"><\/a><\/p>\n<p><a href=\"https:\/\/lagotto-pascoli.ch\/wp-content\/uploads\/2023\/09\/SKG_WCC_Osaria.pdf\" target=\"_blank\" rel=\"noopener\" style=\"font-size: 16px;\"><\/a><a href=\"https:\/\/lagotto-pascoli.ch\/wp-content\/uploads\/2023\/11\/Nya-Swiss-Titles-Swiss-Show-Champion.pdf\" target=\"_blank\" rel=\"noopener\">Schweizer Ausstellungs-Champion (19.11.2023)<\/a><a href=\"https:\/\/lagotto-pascoli.ch\/wp-content\/uploads\/2023\/09\/SKG_WCC_Osaria.pdf\" target=\"_blank\" rel=\"noopener\" style=\"font-size: 16px;\"><\/a><\/p>\n<p><a href=\"https:\/\/lagotto-pascoli.ch\/wp-content\/uploads\/2023\/09\/SKG_WCC_Osaria.pdf\" target=\"_blank\" rel=\"noopener\" style=\"font-size: 16px;\">Working Class Certificate (17.09.2023)<\/a><span style=\"font-size: 16px;\">\u00a0<\/span><\/p>\n<\/div>\n<p>[\/et_pb_text][et_pb_image src=&#8220;https:\/\/lagotto-pascoli.ch\/wp-content\/uploads\/2023\/07\/Abstammung_Nya_S_1-pdf.jpg&#8220; title_text=&#8220;Abstammung_Nya_S_1&#8243; url=&#8220;https:\/\/lagotto-pascoli.ch\/wp-content\/uploads\/2023\/07\/Abstammung_Nya_S_1.pdf&#8220; url_new_window=&#8220;on&#8220; _builder_version=&#8220;4.21.2&#8243; _module_preset=&#8220;default&#8220; global_colors_info=&#8220;{}&#8220;][\/et_pb_image][\/et_pb_column][et_pb_column type=&#8220;1_2&#8243; _builder_version=&#8220;4.16&#8243; _module_preset=&#8220;default&#8220; global_colors_info=&#8220;{}&#8220;][et_pb_image src=&#8220;https:\/\/lagotto-pascoli.ch\/wp-content\/uploads\/2023\/07\/Osaria-del-sogno-del-bosco-Nya.jpg&#8220; title_text=&#8220;Osaria del sogno del bosco (Nya)&#8220; align=&#8220;center&#8220; _builder_version=&#8220;4.21.0&#8243; _module_preset=&#8220;default&#8220; global_colors_info=&#8220;{}&#8220;][\/et_pb_image][\/et_pb_column][\/et_pb_row][\/et_pb_section][et_pb_section fb_built=&#8220;1&#8243; admin_label=&#8220;Pricing&#8220; _builder_version=&#8220;4.16&#8243; _module_preset=&#8220;default&#8220; background_color=&#8220;#f3f7f0&#8243; background_enable_image=&#8220;off&#8220; background_position=&#8220;top_center&#8220; global_colors_info=&#8220;{}&#8220;][et_pb_row column_structure=&#8220;1_2,1_2&#8243; make_equal=&#8220;on&#8220; _builder_version=&#8220;4.16&#8243; _module_preset=&#8220;default&#8220; locked=&#8220;off&#8220; global_colors_info=&#8220;{}&#8220;][et_pb_column type=&#8220;1_2&#8243; _builder_version=&#8220;4.16&#8243; _module_preset=&#8220;default&#8220; background_color=&#8220;#244435&#8243; custom_padding=&#8220;40px|60px|80px|60px|false|true&#8220; custom_padding_tablet=&#8220;|30px||30px|false|true&#8220; custom_padding_phone=&#8220;|20px||20px|false|true&#8220; custom_padding_last_edited=&#8220;on|desktop&#8220; global_colors_info=&#8220;{}&#8220;][et_pb_text _builder_version=&#8220;4.21.0&#8243; _module_preset=&#8220;9471635f-4d55-44f4-9c8c-d8b240ab9aca&#8220; header_font=&#8220;||||||||&#8220; header_font_size=&#8220;25px&#8220; header_3_font=&#8220;Kalam|700|||||||&#8220; header_3_text_color=&#8220;#FFFFFF&#8220; header_3_font_size=&#8220;25px&#8220; text_orientation=&#8220;center&#8220; header_3_font_size_tablet=&#8220;24px&#8220; header_3_font_size_phone=&#8220;30px&#8220; header_3_font_size_last_edited=&#8220;on|phone&#8220; global_colors_info=&#8220;{}&#8220;]<\/p>\n<h3><span>Gesundheitsdaten<\/span><span class=\"x3nfvp2 x1j61x8r x1fcty0u xdj266r xhhsvwb xat24cr xgzva0m xxymvpz xlup9mm x1kky2od\"><\/span><\/h3>\n<p>[\/et_pb_text][et_pb_text _builder_version=&#8220;4.21.0&#8243; _module_preset=&#8220;2e1ca0a8-a515-4ca3-8814-65eea4b82393&#8243; text_font=&#8220;||||||||&#8220; text_text_color=&#8220;#FFFFFF&#8220; text_font_size=&#8220;16px&#8220; text_line_height=&#8220;1.8em&#8220; link_font=&#8220;|700|||||||&#8220; link_text_color=&#8220;#71B100&#8243; text_font_size_tablet=&#8220;15px&#8220; text_font_size_phone=&#8220;14px&#8220; text_font_size_last_edited=&#8220;on|desktop&#8220; locked=&#8220;off&#8220; global_colors_info=&#8220;{}&#8220;]<\/p>\n<div class=\"xdj266r x11i5rnm xat24cr x1mh8g0r x1vvkbs x126k92a\">\n<div dir=\"auto\">\n<p>HD: B\/B, PL: 0\/0, ED: 0\/0, L\u00fcW: Typ 2, BFJE: Frei (A\/A), LSD: Frei (G\/G), FU: Frei (F\/F),<\/p>\n<p>Augen ECVO: kongenital und nicht kongenital: Frei,<\/p>\n<p>CDPA: Genotyp N\/N, CDDY: Genotyp N\/N<\/p>\n<p>Gr\u00f6sse: 44 cm<\/p>\n<\/div>\n<\/div>\n<div class=\"x11i5rnm xat24cr x1mh8g0r x1vvkbs xtlvy1s x126k92a\"><\/div>\n<p>[\/et_pb_text][\/et_pb_column][et_pb_column type=&#8220;1_2&#8243; _builder_version=&#8220;4.16&#8243; _module_preset=&#8220;default&#8220; background_color=&#8220;#71b100&#8243; custom_padding=&#8220;40px|60px|80px|60px|false|true&#8220; custom_padding_tablet=&#8220;|30px||30px|false|true&#8220; custom_padding_phone=&#8220;|20px||20px|false|true&#8220; custom_padding_last_edited=&#8220;on|desktop&#8220; global_colors_info=&#8220;{}&#8220;][et_pb_text _builder_version=&#8220;4.23&#8243; _module_preset=&#8220;2e1ca0a8-a515-4ca3-8814-65eea4b82393&#8243; text_font=&#8220;||||||||&#8220; text_text_color=&#8220;#FFFFFF&#8220; text_font_size=&#8220;16px&#8220; text_line_height=&#8220;1.8em&#8220; link_font=&#8220;|700|||||||&#8220; link_text_color=&#8220;#71B100&#8243; text_font_size_tablet=&#8220;15px&#8220; text_font_size_phone=&#8220;14px&#8220; text_font_size_last_edited=&#8220;on|desktop&#8220; locked=&#8220;off&#8220; global_colors_info=&#8220;{}&#8220;]<\/p>\n<div class=\"xdj266r x11i5rnm xat24cr x1mh8g0r x1vvkbs x126k92a\">\n<div dir=\"auto\">\n<p><strong>Ank\u00f6rung und zur Zucht zugelassen:<\/strong><br \/>20.06.2020<\/p>\n<p><strong style=\"font-size: 16px;\">Formwert:<\/strong><span style=\"font-size: 16px;\">\u00a0 Kr\u00e4ftige, harmonische H\u00fcndin mit sehr typischem Kopf und korrektem K\u00f6rperbau.<\/span><\/p>\n<p><strong>Verhaltensbeurteilung:<\/strong>\u00a0 \u00a0Aufgestellte H\u00fcndin, ruhig und gelassen im Wesen, familienbezogen.<\/p>\n<\/div>\n<\/div>\n<div class=\"x11i5rnm xat24cr x1mh8g0r x1vvkbs xtlvy1s x126k92a\"><\/div>\n<p>[\/et_pb_text][\/et_pb_column][\/et_pb_row][\/et_pb_section][et_pb_section fb_built=&#8220;1&#8243; admin_label=&#8220;Call to Action&#8220; _builder_version=&#8220;4.16&#8243; _module_preset=&#8220;default&#8220; background_color=&#8220;#f3f7f0&#8243; background_image=&#8220;https:\/\/lagotto-pascoli.ch\/wp-content\/uploads\/2023\/06\/landscape-maintenance-37.png&#8220; background_size=&#8220;contain&#8220; background_position=&#8220;bottom_center&#8220; z_index=&#8220;1&#8243; custom_padding=&#8220;||||false|false&#8220; global_colors_info=&#8220;{}&#8220;][et_pb_row _builder_version=&#8220;4.24.3&#8243; _module_preset=&#8220;default&#8220; global_colors_info=&#8220;{}&#8220;][et_pb_column type=&#8220;4_4&#8243; _builder_version=&#8220;4.24.3&#8243; _module_preset=&#8220;default&#8220; global_colors_info=&#8220;{}&#8220;][et_pb_text _builder_version=&#8220;4.24.3&#8243; _module_preset=&#8220;default&#8220; global_colors_info=&#8220;{}&#8220;]<\/p>\n<p>Hi, ich bin Osaria del sogno del bosco. Mein Rufame ist Nya. Geboren bin ich bei Mirjam Mettauer im wundersch\u00f6nen Aargau.\u00a0 Ich war der Seelenhund meiner Z\u00fcchterin. Am Freitag hat mich Familie Riegger besucht und am Samstag durfte ich im Alter von 12 Wochen schon im Thurgau einziehen. Heute bin ich die Ruhigste im Rudel und bin sehr gem\u00fctlich unterwegs ausser ein B\u00fcsi rennt vor meiner Nase durch, dann bin ich von 0 auf 100.\u00a0 Ich mag lange Spazierg\u00e4nge, bei sch\u00f6nem Wetter das Wasser, buddle gerne im Sand und Garten. Ich liebe das Tr\u00fcffeln und bin da mit 200% dabei. Die Tr\u00fcffel-\/Arbeitspr\u00fcfung habe ich beim LCS mit einem &#8222;sehr gut&#8220; abgeschlossen und somit das Working Class Certificat erhalten.\u00a0 Lena bringt mir immer Tricks bei. Auch bei Regenwetter muss ich raus, obwohl ich dann am liebesten auf dem Sofa liegen w\u00fcrde und schlafen m\u00f6chte.<\/p>\n<p>[\/et_pb_text][\/et_pb_column][\/et_pb_row][\/et_pb_section][et_pb_section fb_built=&#8220;1&#8243; admin_label=&#8220;Footer&#8220; _builder_version=&#8220;4.21.0&#8243; _module_preset=&#8220;default&#8220; background_color=&#8220;#f3f7f0&#8243; use_background_color_gradient=&#8220;on&#8220; background_color_gradient_stops=&#8220;#244435 0%|rgba(36,68,53,0.44) 100%&#8220; background_color_gradient_overlays_image=&#8220;on&#8220; background_color_gradient_start=&#8220;#244435&#8243; background_color_gradient_end=&#8220;rgba(36,68,53,0.44)&#8220; background_enable_image=&#8220;off&#8220; background_repeat=&#8220;repeat&#8220; custom_margin=&#8220;||||false|false&#8220; saved_tabs=&#8220;all&#8220; locked=&#8220;off&#8220; global_colors_info=&#8220;{}&#8220;][et_pb_row column_structure=&#8220;1_3,1_3,1_3&#8243; _builder_version=&#8220;4.21.0&#8243; _module_preset=&#8220;default&#8220; global_colors_info=&#8220;{}&#8220;][et_pb_column type=&#8220;1_3&#8243; _builder_version=&#8220;4.21.0&#8243; _module_preset=&#8220;default&#8220; global_colors_info=&#8220;{}&#8220;][et_pb_image src=&#8220;https:\/\/lagotto-pascoli.ch\/wp-content\/uploads\/2023\/06\/lcs.jpg&#8220; title_text=&#8220;lcs&#8220; align=&#8220;center&#8220; _builder_version=&#8220;4.21.0&#8243; _module_preset=&#8220;default&#8220; max_width=&#8220;58%&#8220; global_colors_info=&#8220;{}&#8220;][\/et_pb_image][\/et_pb_column][et_pb_column type=&#8220;1_3&#8243; _builder_version=&#8220;4.21.0&#8243; _module_preset=&#8220;default&#8220; global_colors_info=&#8220;{}&#8220;][et_pb_image src=&#8220;https:\/\/lagotto-pascoli.ch\/wp-content\/uploads\/2023\/06\/Logo-SKG_1000x240px_Grau.png&#8220; title_text=&#8220;Logo-SKG_1000x240px_Grau&#8220; _builder_version=&#8220;4.21.0&#8243; _module_preset=&#8220;default&#8220; global_colors_info=&#8220;{}&#8220;][\/et_pb_image][\/et_pb_column][et_pb_column type=&#8220;1_3&#8243; _builder_version=&#8220;4.21.0&#8243; _module_preset=&#8220;default&#8220; global_colors_info=&#8220;{}&#8220;][et_pb_image src=&#8220;https:\/\/lagotto-pascoli.ch\/wp-content\/uploads\/2023\/06\/1200px-FCI_Logo.svg_.png&#8220; title_text=&#8220;1200px-FCI_Logo.svg&#8220; align=&#8220;center&#8220; _builder_version=&#8220;4.21.0&#8243; _module_preset=&#8220;default&#8220; module_alignment=&#8220;center&#8220; max_height=&#8220;189px&#8220; global_colors_info=&#8220;{}&#8220;][\/et_pb_image][\/et_pb_column][\/et_pb_row][\/et_pb_section]<\/p>\n","protected":false},"excerpt":{"rendered":"<p>Osaria del sogno del bosco &#8211; &#8222;Nya&#8220; &nbsp; Wurfdatum: 17.05.2018 Farbe: bianco marrone Eltern: Happy Momo del sogno del bosco &amp; Gleska Miss Understanding Zuchtst\u00e4tte: del sogno del bosco Z\u00fcchterin: Mirjam Mettauer, Aarau Championtitel Deutscher Champion (03.12.2025) Schweizer Sch\u00f6nheits-Champion (15.11.2024) Luxemburgischer Champion (01.09.2024) Kroatischer Sch\u00f6nheits-Champion (26.11.2023) Schweizer Ausstellungs-Champion (19.11.2023) Working Class Certificate (17.09.2023)\u00a0 Gesundheitsdaten HD: [&hellip;]<\/p>\n","protected":false},"author":1,"featured_media":0,"parent":0,"menu_order":0,"comment_status":"closed","ping_status":"closed","template":"","meta":{"_et_pb_use_builder":"on","_et_pb_old_content":"","_et_gb_content_width":"","footnotes":""},"class_list":["post-124","page","type-page","status-publish","hentry"],"_links":{"self":[{"href":"https:\/\/lagotto-pascoli.ch\/index.php\/wp-json\/wp\/v2\/pages\/124","targetHints":{"allow":["GET"]}}],"collection":[{"href":"https:\/\/lagotto-pascoli.ch\/index.php\/wp-json\/wp\/v2\/pages"}],"about":[{"href":"https:\/\/lagotto-pascoli.ch\/index.php\/wp-json\/wp\/v2\/types\/page"}],"author":[{"embeddable":true,"href":"https:\/\/lagotto-pascoli.ch\/index.php\/wp-json\/wp\/v2\/users\/1"}],"replies":[{"embeddable":true,"href":"https:\/\/lagotto-pascoli.ch\/index.php\/wp-json\/wp\/v2\/comments?post=124"}],"version-history":[{"count":20,"href":"https:\/\/lagotto-pascoli.ch\/index.php\/wp-json\/wp\/v2\/pages\/124\/revisions"}],"predecessor-version":[{"id":877,"href":"https:\/\/lagotto-pascoli.ch\/index.php\/wp-json\/wp\/v2\/pages\/124\/revisions\/877"}],"wp:attachment":[{"href":"https:\/\/lagotto-pascoli.ch\/index.php\/wp-json\/wp\/v2\/media?parent=124"}],"curies":[{"name":"wp","href":"https:\/\/api.w.org\/{rel}","templated":true}]}}